{"id":720,"date":"2023-05-19T18:54:55","date_gmt":"2023-05-19T18:54:55","guid":{"rendered":"https:\/\/zugchile.cl\/?page_id=720"},"modified":"2024-09-24T19:14:27","modified_gmt":"2024-09-24T19:14:27","slug":"venta-durmientes-e-insumos","status":"publish","type":"page","link":"https:\/\/zugchile.cl\/index.php\/venta-durmientes-e-insumos\/","title":{"rendered":"VENTA DURMIENTES E INSUMOS"},"content":{"rendered":"<p>[et_pb_section fb_built=\u00bb1&#8243; admin_label=\u00bbHero\u00bb _builder_version=\u00bb4.21.0&#8243; use_background_color_gradient=\u00bbon\u00bb background_color_gradient_type=\u00bbcircular\u00bb background_color_gradient_direction_radial=\u00bbtop left\u00bb background_color_gradient_stops=\u00bbrgba(40,40,40,0.79) 0%|rgba(40,40,40,0.86) 100%\u00bb background_color_gradient_overlays_image=\u00bbon\u00bb background_color_gradient_start=\u00bbrgba(40,40,40,0.79)\u00bb background_color_gradient_end=\u00bbrgba(40,40,40,0.86)\u00bb background_image=\u00bbhttps:\/\/zugchile.cl\/wp-content\/uploads\/2023\/05\/Imagen-de-WhatsApp-2023-05-10-a-las-10.21.14.jpg\u00bb custom_margin=\u00bb||||false\u00bb custom_padding=\u00bb6vw||6vw||true|false\u00bb global_colors_info=\u00bb{}\u00bb][et_pb_row _builder_version=\u00bb4.16&#8243; global_colors_info=\u00bb{}\u00bb][et_pb_column type=\u00bb4_4&#8243; _builder_version=\u00bb4.16&#8243; custom_padding=\u00bb|||\u00bb global_colors_info=\u00bb{}\u00bb custom_padding__hover=\u00bb|||\u00bb][et_pb_text _builder_version=\u00bb4.21.0&#8243; text_font=\u00bb||||||||\u00bb header_font=\u00bbRubik|700|||||||\u00bb header_font_size=\u00bb64px\u00bb header_line_height=\u00bb1.1em\u00bb background_layout=\u00bbdark\u00bb max_width=\u00bb800px\u00bb custom_margin=\u00bb||0px|\u00bb custom_padding=\u00bb|||16px\u00bb text_font_size_tablet=\u00bb14px\u00bb text_font_size_last_edited=\u00bboff|desktop\u00bb header_font_size_tablet=\u00bb44px\u00bb header_font_size_phone=\u00bb32px\u00bb header_font_size_last_edited=\u00bbon|phone\u00bb border_color_all=\u00bb#ffb400&#8243; border_width_left=\u00bb10px\u00bb global_colors_info=\u00bb{}\u00bb]<\/p>\n<h1>VENTA DURMIENTES E INSUMOS<\/h1>\n<p>[\/et_pb_text][\/et_pb_column][\/et_pb_row][\/et_pb_section][et_pb_section fb_built=\u00bb1&#8243; _builder_version=\u00bb4.16&#8243; background_color=\u00bb#f4f7f9&#8243; custom_padding=\u00bb24px||24px||true|\u00bb global_colors_info=\u00bb{}\u00bb][et_pb_row _builder_version=\u00bb4.16&#8243; global_colors_info=\u00bb{}\u00bb custom_margin=\u00bb|auto||89px||\u00bb width=\u00bb86.2%\u00bb][et_pb_column type=\u00bb4_4&#8243; _builder_version=\u00bb4.16&#8243; custom_padding=\u00bb|||\u00bb global_colors_info=\u00bb{}\u00bb custom_padding__hover=\u00bb|||\u00bb][et_pb_text _builder_version=\u00bb4.21.0&#8243; text_font=\u00bb||||||||\u00bb header_font=\u00bbRubik|700|||||||\u00bb header_font_size=\u00bb64px\u00bb header_line_height=\u00bb1.1em\u00bb background_layout=\u00bbdark\u00bb max_width=\u00bb800px\u00bb custom_margin=\u00bb||0px|\u00bb custom_padding=\u00bb|||16px\u00bb text_font_size_tablet=\u00bb14px\u00bb text_font_size_last_edited=\u00bboff|desktop\u00bb header_font_size_tablet=\u00bb44px\u00bb header_font_size_phone=\u00bb32px\u00bb header_font_size_last_edited=\u00bbon|phone\u00bb border_color_all=\u00bb#ffb400&#8243; border_width_left=\u00bb10px\u00bb global_colors_info=\u00bb{}\u00bb]<\/p>\n<h1><span style=\"font-size: xx-large;\"><em><strong><span style=\"color: #000000;\">DURMIENTES<\/span><\/strong><\/em><\/span><\/h1>\n<p>[\/et_pb_text][\/et_pb_column][\/et_pb_row][et_pb_row _builder_version=\u00bb4.21.0&#8243; width=\u00bb100%\u00bb max_width=\u00bb100%\u00bb global_colors_info=\u00bb{}\u00bb][et_pb_column type=\u00bb4_4&#8243; _builder_version=\u00bb4.16&#8243; global_colors_info=\u00bb{}\u00bb][dica_divi_carousel show_items_desktop=\u00bb3.5&#8243; centermode=\u00bbon\u00bb loop=\u00bbon\u00bb arrow_nav=\u00bbon\u00bb item_spacing_last_edited=\u00bboff|desktop\u00bb advanced_effect=\u00bb1&#8243; arrow_nav_color=\u00bb#ffffff\u00bb arrow_bg_color=\u00bb#fc9569&#8243; content_container_zindex=\u00bb11&#8243; content_container_padding=\u00bb30vh|43px|25px|43px|false|true\u00bb _builder_version=\u00bb4.21.0&#8243; title_font=\u00bbRoboto|900|||||||\u00bb title_text_color=\u00bb#ffffff\u00bb title_font_size=\u00bb30px\u00bb subtitle_font=\u00bbTrebuchet||on||||||\u00bb subtitle_text_color=\u00bb#ffffff\u00bb custom_padding=\u00bb18px||0px|||\u00bb border_radii_item=\u00bbon|12px|12px|12px|12px\u00bb border_radii_image=\u00bbon|8px|8px|8px|8px\u00bb global_colors_info=\u00bb{}\u00bb custom_margin=\u00bb||-46px|||\u00bb min_height=\u00bb258.9px\u00bb][dica_divi_carouselitem button_url_new_window=\u00bb1&#8243; image=\u00bbhttps:\/\/zugchile.cl\/wp-content\/uploads\/2023\/05\/d5b7147c-623c-4701-9d46-61797c4bd4c6.jpg\u00bb _builder_version=\u00bb4.21.0&#8243; _module_preset=\u00bbdefault\u00bb global_colors_info=\u00bb{}\u00bb][\/dica_divi_carouselitem][dica_divi_carouselitem button_url_new_window=\u00bb1&#8243; image=\u00bbhttps:\/\/zugchile.cl\/wp-content\/uploads\/2023\/05\/Diseno-sin-titulo-1.png\u00bb _builder_version=\u00bb4.21.0&#8243; _module_preset=\u00bbdefault\u00bb global_colors_info=\u00bb{}\u00bb][\/dica_divi_carouselitem][dica_divi_carouselitem button_url_new_window=\u00bb1&#8243; image=\u00bbhttps:\/\/zugchile.cl\/wp-content\/uploads\/2023\/05\/45F6D49B-6368-4A00-A1BE-EC4CFD04C4D7.jpg\u00bb _builder_version=\u00bb4.21.0&#8243; _module_preset=\u00bbdefault\u00bb global_colors_info=\u00bb{}\u00bb][\/dica_divi_carouselitem][dica_divi_carouselitem button_url_new_window=\u00bb1&#8243; image=\u00bbhttps:\/\/zugchile.cl\/wp-content\/uploads\/2023\/05\/IMG-9592.jpg\u00bb _builder_version=\u00bb4.21.0&#8243; _module_preset=\u00bbdefault\u00bb global_colors_info=\u00bb{}\u00bb][\/dica_divi_carouselitem][dica_divi_carouselitem button_url_new_window=\u00bb1&#8243; image=\u00bbhttps:\/\/zugchile.cl\/wp-content\/uploads\/2023\/05\/IMG-9594.jpg\u00bb _builder_version=\u00bb4.21.0&#8243; _module_preset=\u00bbdefault\u00bb global_colors_info=\u00bb{}\u00bb][\/dica_divi_carouselitem][dica_divi_carouselitem button_url_new_window=\u00bb1&#8243; image=\u00bbhttps:\/\/zugchile.cl\/wp-content\/uploads\/2023\/05\/5A6CA04D-6F79-47DB-8986-E5A520C77252-1.jpg\u00bb _builder_version=\u00bb4.21.0&#8243; _module_preset=\u00bbdefault\u00bb global_colors_info=\u00bb{}\u00bb][\/dica_divi_carouselitem][dica_divi_carouselitem button_url_new_window=\u00bb1&#8243; image=\u00bbhttps:\/\/zugchile.cl\/wp-content\/uploads\/2023\/05\/image_6483441-1.jpg\u00bb _builder_version=\u00bb4.21.0&#8243; _module_preset=\u00bbdefault\u00bb global_colors_info=\u00bb{}\u00bb][\/dica_divi_carouselitem][dica_divi_carouselitem button_url_new_window=\u00bb1&#8243; image=\u00bbhttps:\/\/zugchile.cl\/wp-content\/uploads\/2023\/05\/PHOTO-2023-05-24-16-00-30-1.jpg\u00bb _builder_version=\u00bb4.21.0&#8243; _module_preset=\u00bbdefault\u00bb global_colors_info=\u00bb{}\u00bb][\/dica_divi_carouselitem][\/dica_divi_carousel][dica_divi_carousel show_items_desktop=\u00bb3.5&#8243; centermode=\u00bbon\u00bb loop=\u00bbon\u00bb arrow_nav=\u00bbon\u00bb item_spacing_last_edited=\u00bboff|desktop\u00bb advanced_effect=\u00bb1&#8243; arrow_nav_color=\u00bb#ffffff\u00bb arrow_bg_color=\u00bb#fc9569&#8243; content_container_zindex=\u00bb11&#8243; content_container_padding=\u00bb30vh|43px|25px|43px|false|true\u00bb _builder_version=\u00bb4.27.0&#8243; title_font=\u00bbRoboto|900|||||||\u00bb title_text_color=\u00bb#ffffff\u00bb title_font_size=\u00bb30px\u00bb subtitle_font=\u00bbTrebuchet||on||||||\u00bb subtitle_text_color=\u00bb#ffffff\u00bb custom_padding=\u00bb18px||0px|||\u00bb hover_enabled=\u00bb0&#8243; border_radii_item=\u00bbon|12px|12px|12px|12px\u00bb border_radii_image=\u00bbon|8px|8px|8px|8px\u00bb global_colors_info=\u00bb{}\u00bb sticky_enabled=\u00bb0&#8243; min_height=\u00bb221.8px\u00bb width=\u00bb100%\u00bb module_alignment=\u00bbright\u00bb][dica_divi_carouselitem _builder_version=\u00bb4.27.0&#8243; _module_preset=\u00bbdefault\u00bb title_text=\u00bbImagen2&#8243; image=\u00bbhttps:\/\/zugchile.cl\/wp-content\/uploads\/2024\/09\/Imagen2.jpg\u00bb hover_enabled=\u00bb0&#8243; sticky_enabled=\u00bb0&#8243;][\/dica_divi_carouselitem][dica_divi_carouselitem _builder_version=\u00bb4.27.0&#8243; _module_preset=\u00bbdefault\u00bb title_text=\u00bbImagen3&#8243; image=\u00bbhttps:\/\/zugchile.cl\/wp-content\/uploads\/2024\/09\/Imagen3.jpg\u00bb hover_enabled=\u00bb0&#8243; sticky_enabled=\u00bb0&#8243;][\/dica_divi_carouselitem][dica_divi_carouselitem _builder_version=\u00bb4.27.0&#8243; _module_preset=\u00bbdefault\u00bb title_text=\u00bbImagen2&#8243; image=\u00bbhttps:\/\/zugchile.cl\/wp-content\/uploads\/2024\/09\/Imagen2.jpg\u00bb hover_enabled=\u00bb0&#8243; sticky_enabled=\u00bb0&#8243;][\/dica_divi_carouselitem][dica_divi_carouselitem _builder_version=\u00bb4.27.0&#8243; _module_preset=\u00bbdefault\u00bb title_text=\u00bbImagen3&#8243; image=\u00bbhttps:\/\/zugchile.cl\/wp-content\/uploads\/2024\/09\/Imagen3.jpg\u00bb hover_enabled=\u00bb0&#8243; sticky_enabled=\u00bb0&#8243;][\/dica_divi_carouselitem][\/dica_divi_carousel][\/et_pb_column][\/et_pb_row][et_pb_row _builder_version=\u00bb4.16&#8243; hover_enabled=\u00bb0&#8243; global_colors_info=\u00bb{}\u00bb custom_margin=\u00bb|113px||14px||\u00bb width=\u00bb97.3%\u00bb custom_padding=\u00bb6px||0px|0px||\u00bb min_height=\u00bb698.4px\u00bb sticky_enabled=\u00bb0&#8243;][et_pb_column type=\u00bb4_4&#8243; _builder_version=\u00bb4.16&#8243; custom_padding=\u00bb|||\u00bb global_colors_info=\u00bb{}\u00bb custom_padding__hover=\u00bb|||\u00bb][et_pb_text _builder_version=\u00bb4.27.0&#8243; text_font=\u00bb||||||||\u00bb header_font=\u00bbRubik|700|||||||\u00bb header_font_size=\u00bb64px\u00bb header_line_height=\u00bb1.1em\u00bb background_layout=\u00bbdark\u00bb max_width=\u00bb1174px\u00bb custom_margin=\u00bb||-664px|2px||\u00bb custom_padding=\u00bb||65px|11px||\u00bb hover_enabled=\u00bb0&#8243; text_font_size_tablet=\u00bb14px\u00bb text_font_size_last_edited=\u00bboff|desktop\u00bb header_font_size_tablet=\u00bb44px\u00bb header_font_size_phone=\u00bb32px\u00bb header_font_size_last_edited=\u00bbon|phone\u00bb border_color_all=\u00bb#ffb400&#8243; border_width_left=\u00bb10px\u00bb global_colors_info=\u00bb{}\u00bb inline_fonts=\u00bbAkshar\u00bb sticky_enabled=\u00bb0&#8243; min_height=\u00bb88.8px\u00bb]<\/p>\n<h2><span style=\"font-size: xx-large;\"><em><strong><span style=\"color: #000000;\">PLACAS DENTADAS<\/span><\/strong><\/em><\/span><\/h2>\n<h2 style=\"text-align: left;\"><span style=\"color: #000000; font-family: Akshar; font-size: 16px;\">\u00a0<span style=\"font-size: medium;\">Las placas dentadas ZUG est\u00e1n fabricadas en acero zincado de 1mm de espesor ASTM 653 y cuentan con Certificaci\u00f3n de Calidad USACH bajo norma chilena Nch 1198. El dise\u00f1o del entramado permite mayor resistencia a la tracci\u00f3n, que es de un 20% sobre la norma seg\u00fan las pruebas realizadas<\/span><\/span><\/h2>\n<p><span style=\"color: #000000; font-family: Akshar; font-size: medium;\"><\/span><\/p>\n<h4><span style=\"font-size: medium;\"><em><strong><span style=\"color: #000000; font-family: inherit;\">CAMPOS DE APLICACION<\/span><\/strong><\/em><\/span><\/h4>\n<h4><span style=\"font-size: small;\"><strong><span style=\"color: #000000; font-family: inherit;\">Uniones de Cerchas, lateral de durmientes, tapas de palets y refuerzo de todo tipo de uniones y embalajes.<\/span><\/strong><\/span><\/h4>\n<h4><span style=\"font-size: small;\"><strong><span style=\"color: #000000; font-family: inherit;\">-Uniones \u00f3ptimas y m\u00e1ximo aprovechamiento del material.<\/span><\/strong><\/span><\/h4>\n<h4><span style=\"font-size: small;\"><strong><span style=\"color: #000000; font-family: inherit;\">-Gran capacidad de carga\u00a0 \u00a0 \u00a0 \u00a0 \u00a0<\/span><\/strong><strong style=\"color: #000000;\"><span style=\"font-family: inherit;\">-Evitan fisuras en la madera<\/span><\/strong><\/span><\/h4>\n<h4><span style=\"font-size: medium;\"><em><strong><span style=\"color: #000000; font-family: inherit;\">DIMENSIONES\u00a0<\/span><\/strong><\/em><\/span><\/h4>\n<h4><\/h4>\n<h4><span style=\"font-size: medium;\"><span style=\"color: #000000;\"><strong>ALTO<\/strong><strong>:6 PULG<\/strong> \u00a0<\/span><span style=\"color: #000000;\"><strong>ANCHO<\/strong><strong>:8 PULG\u00a0 <\/strong><\/span><span style=\"color: #000000;\"><strong>ESPESOR<\/strong><\/span><strong style=\"color: #000000;\">:1 MM\u00a0 <\/strong><span style=\"color: #000000;\"><strong>PESO<\/strong><strong>:1.140 GRS.\u00a0 <\/strong><\/span><\/span><span style=\"color: #000000; font-size: 18px;\"><\/span><\/h4>\n<h4><span style=\"font-size: large;\"><em><strong><span style=\"color: #000000; font-family: inherit;\"><\/span><\/strong><\/em><\/span><\/h4>\n<h4><span style=\"font-size: large;\"><em><strong><span style=\"color: #000000; font-family: inherit;\">VALOR: 1300 + IVA<\/span><\/strong><\/em><\/span><\/h4>\n<p><span style=\"font-size: xx-large;\"><em><strong><span style=\"color: #000000;\"><\/span><\/strong><\/em><\/span><\/p>\n<p>[\/et_pb_text][\/et_pb_column][\/et_pb_row][\/et_pb_section]<\/p>\n","protected":false},"excerpt":{"rendered":"<p>VENTA DURMIENTES E INSUMOSDURMIENTES<div class=\"et_pb_module dica_divi_carousel dica_divi_carousel_0\">\n\t\t\t\t\n\t\t\t\t\n\t\t\t\t\n\t\t\t\t\n\t\t\t\t\n\t\t\t\t\n\t\t\t\t<div class=\"et_pb_module_inner\">\n\t\t\t\t\t<div class=\"dica-container  desktop_middle-inside tablet_middle-inside mobile_middle-inside\" data-props='{\"desktop\":\"3.5\",\"tablet\":\"3\",\"mobile\":\"1\",\"speed\":\"500\",\"arrow\":\"on\",\"dots\":\"off\",\"autoplay\":\"off\",\"autoSpeed\":\"1000\",\"loop\":\"on\",\"item_spacing\":\"30\",\"center_mode\":\"on\",\"slider_effec\":\"1\",\"cover_rotate\":\"50\",\"pause_onhover\":\"off\",\"multislide\":\"off\",\"cfshadow\":\"on\",\"order\":\"0\",\"lazyload\":\"off\",\"lazybefore\":\"off\",\"scroller_effect\":\"off\",\"autowidth\":\"off\",\"item_spacing_tablet\":\"30\",\"item_spacing_phone\":\"30\",\"scroller_speed\":\"4000\",\"hashNavigation\":\"off\",\"simulatetouch\":\"off\",\"allowtouchmove\":\"off\",\"slide_row\":\"1\",\"slide_row_tablet\":\"1\",\"slide_row_phone\":\"1\",\"keyboard\":\"off\",\"mousewheel\":\"off\",\"autoplay_viewport\":\"\"}'>\n\t\t\t\t\t\t\t \t<div class=\"swiper-container\" >\n\t\t\t\t\t\t\t\t\t<div class=\"swiper-wrapper\"><\/div>\t\n\t\t\t\t\t\t\t\t<\/div>\t\n\t\t\t\t\t\t\t\t<div class=\"swiper-buttton-container\"><div class=\"swiper-button-prev dica-prev-btn-0\" data-icon=\"4\"><\/div><div class=\"swiper-button-next dica-next-btn-0\" data-icon=\"5\"><\/div><\/div>\n\t\t\t\t\t\t\t\t\t\t\t\t\t\t\n\t\t\t\t\t\t\t<\/div>\n\t\t\t\t<\/div>\n\t\t\t<\/div><div class=\"et_pb_module dica_divi_carouselitem dica_divi_carouselitem_0\">\n\t\t\t\t\n\t\t\t\t\n\t\t\t\t\n\t\t\t\t\n\t\t\t\t\n\t\t\t\t\n\t\t\t\t<div class=\"et_pb_module_inner\">\n\t\t\t\t\t <div class=\"dica-item empty-content image_top\"   data-hash=\"dica_divi_carouselitem_0\">\n\t\t\t\t\t\t\t\t\t<div class=\"dica-image-container\"><span class=\"image\"><img loading=\"lazy\" decoding=\"async\" src=\"https:\/\/zugchile.cl\/wp-content\/uploads\/2023\/05\/d5b7147c-623c-4701-9d46-61797c4bd4c6.jpg\" srcset=\"https:\/\/zugchile.cl\/wp-content\/uploads\/2023\/05\/d5b7147c-623c-4701-9d46-61797c4bd4c6.jpg 1600w, https:\/\/zugchile.cl\/wp-content\/uploads\/2023\/05\/d5b7147c-623c-4701-9d46-61797c4bd4c6-1280x720.jpg 1280w, https:\/\/zugchile.cl\/wp-content\/uploads\/2023\/05\/d5b7147c-623c-4701-9d46-61797c4bd4c6-980x551.jpg 980w, https:\/\/zugchile.cl\/wp-content\/uploads\/2023\/05\/d5b7147c-623c-4701-9d46-61797c4bd4c6-480x270.jpg 480w\" alt=\"\" class=\"dica-item-image\" width=\"1600\" height=\"900\"\/><\/span><\/div>\n\t\t\t\t\t\t\t\t\t\n\t\t\t\t\t\t\t<\/div>\n\t\t\t\t<\/div>\n\t\t\t<\/div><div class=\"et_pb_module dica_divi_carouselitem dica_divi_carouselitem_1\">\n\t\t\t\t\n\t\t\t\t\n\t\t\t\t\n\t\t\t\t\n\t\t\t\t\n\t\t\t\t\n\t\t\t\t<div class=\"et_pb_module_inner\">\n\t\t\t\t\t <div class=\"dica-item empty-content image_top\"   data-hash=\"dica_divi_carouselitem_1\">\n\t\t\t\t\t\t\t\t\t<div class=\"dica-image-container\"><span class=\"image\"><img loading=\"lazy\" decoding=\"async\" src=\"https:\/\/zugchile.cl\/wp-content\/uploads\/2023\/05\/Diseno-sin-titulo-1.png\" srcset=\"https:\/\/zugchile.cl\/wp-content\/uploads\/2023\/05\/Diseno-sin-titulo-1.png 1600w, https:\/\/zugchile.cl\/wp-content\/uploads\/2023\/05\/Diseno-sin-titulo-1-1280x720.png 1280w, https:\/\/zugchile.cl\/wp-content\/uploads\/2023\/05\/Diseno-sin-titulo-1-980x551.png 980w, https:\/\/zugchile.cl\/wp-content\/uploads\/2023\/05\/Diseno-sin-titulo-1-480x270.png 480w\" alt=\"\" class=\"dica-item-image\" width=\"1600\" height=\"900\"\/><\/span><\/div>\n\t\t\t\t\t\t\t\t\t\n\t\t\t\t\t\t\t<\/div>\n\t\t\t\t<\/div>\n\t\t\t<\/div><div class=\"et_pb_module dica_divi_carouselitem dica_divi_carouselitem_2\">\n\t\t\t\t\n\t\t\t\t\n\t\t\t\t\n\t\t\t\t\n\t\t\t\t\n\t\t\t\t\n\t\t\t\t<div class=\"et_pb_module_inner\">\n\t\t\t\t\t <div class=\"dica-item empty-content image_top\"   data-hash=\"dica_divi_carouselitem_2\">\n\t\t\t\t\t\t\t\t\t<div class=\"dica-image-container\"><span class=\"image\"><img loading=\"lazy\" decoding=\"async\" src=\"https:\/\/zugchile.cl\/wp-content\/uploads\/2023\/05\/45F6D49B-6368-4A00-A1BE-EC4CFD04C4D7.jpg\" srcset=\"https:\/\/zugchile.cl\/wp-content\/uploads\/2023\/05\/45F6D49B-6368-4A00-A1BE-EC4CFD04C4D7.jpg 791w, https:\/\/zugchile.cl\/wp-content\/uploads\/2023\/05\/45F6D49B-6368-4A00-A1BE-EC4CFD04C4D7-480x259.jpg 480w\" alt=\"\" class=\"dica-item-image\" width=\"791\" height=\"427\"\/><\/span><\/div>\n\t\t\t\t\t\t\t\t\t\n\t\t\t\t\t\t\t<\/div>\n\t\t\t\t<\/div>\n\t\t\t<\/div><div class=\"et_pb_module dica_divi_carouselitem dica_divi_carouselitem_3\">\n\t\t\t\t\n\t\t\t\t\n\t\t\t\t\n\t\t\t\t\n\t\t\t\t\n\t\t\t\t\n\t\t\t\t<div class=\"et_pb_module_inner\">\n\t\t\t\t\t <div class=\"dica-item empty-content image_top\"   data-hash=\"dica_divi_carouselitem_3\">\n\t\t\t\t\t\t\t\t\t<div class=\"dica-image-container\"><span class=\"image\"><img loading=\"lazy\" decoding=\"async\" src=\"https:\/\/zugchile.cl\/wp-content\/uploads\/2023\/05\/IMG-9592.jpg\" srcset=\"https:\/\/zugchile.cl\/wp-content\/uploads\/2023\/05\/IMG-9592.jpg 828w, https:\/\/zugchile.cl\/wp-content\/uploads\/2023\/05\/IMG-9592-480x244.jpg 480w\" alt=\"\" class=\"dica-item-image\" width=\"828\" height=\"421\"\/><\/span><\/div>\n\t\t\t\t\t\t\t\t\t\n\t\t\t\t\t\t\t<\/div>\n\t\t\t\t<\/div>\n\t\t\t<\/div><div class=\"et_pb_module dica_divi_carouselitem dica_divi_carouselitem_4\">\n\t\t\t\t\n\t\t\t\t\n\t\t\t\t\n\t\t\t\t\n\t\t\t\t\n\t\t\t\t\n\t\t\t\t<div class=\"et_pb_module_inner\">\n\t\t\t\t\t <div class=\"dica-item empty-content image_top\"   data-hash=\"dica_divi_carouselitem_4\">\n\t\t\t\t\t\t\t\t\t<div class=\"dica-image-container\"><span class=\"image\"><img loading=\"lazy\" decoding=\"async\" src=\"https:\/\/zugchile.cl\/wp-content\/uploads\/2023\/05\/IMG-9594.jpg\" srcset=\"https:\/\/zugchile.cl\/wp-content\/uploads\/2023\/05\/IMG-9594.jpg 802w, https:\/\/zugchile.cl\/wp-content\/uploads\/2023\/05\/IMG-9594-480x266.jpg 480w\" alt=\"\" class=\"dica-item-image\" width=\"802\" height=\"445\"\/><\/span><\/div>\n\t\t\t\t\t\t\t\t\t\n\t\t\t\t\t\t\t<\/div>\n\t\t\t\t<\/div>\n\t\t\t<\/div><div class=\"et_pb_module dica_divi_carouselitem dica_divi_carouselitem_5\">\n\t\t\t\t\n\t\t\t\t\n\t\t\t\t\n\t\t\t\t\n\t\t\t\t\n\t\t\t\t\n\t\t\t\t<div class=\"et_pb_module_inner\">\n\t\t\t\t\t <div class=\"dica-item empty-content image_top\"   data-hash=\"dica_divi_carouselitem_5\">\n\t\t\t\t\t\t\t\t\t<div class=\"dica-image-container\"><span class=\"image\"><img decoding=\"async\" src=\"\u00bbhttps:\/\/zugchile.cl\/wp-content\/uploads\/2023\/05\/5A6CA04D-6F79-47DB-8986-E5A520C77252-1.jpg\u00bb\" srcset=\"\" alt=\"\" class=\"dica-item-image\" width=\"f\" height=\"u\"\/><\/span><\/div>\n\t\t\t\t\t\t\t\t\t\n\t\t\t\t\t\t\t<\/div>\n\t\t\t\t<\/div>\n\t\t\t<\/div><\/p>\n","protected":false},"author":1,"featured_media":0,"parent":0,"menu_order":0,"comment_status":"closed","ping_status":"closed","template":"","meta":{"_et_pb_use_builder":"on","_et_pb_old_content":"","_et_gb_content_width":"","_joinchat":[],"footnotes":""},"class_list":["post-720","page","type-page","status-publish","hentry"],"_links":{"self":[{"href":"https:\/\/zugchile.cl\/index.php\/wp-json\/wp\/v2\/pages\/720","targetHints":{"allow":["GET"]}}],"collection":[{"href":"https:\/\/zugchile.cl\/index.php\/wp-json\/wp\/v2\/pages"}],"about":[{"href":"https:\/\/zugchile.cl\/index.php\/wp-json\/wp\/v2\/types\/page"}],"author":[{"embeddable":true,"href":"https:\/\/zugchile.cl\/index.php\/wp-json\/wp\/v2\/users\/1"}],"replies":[{"embeddable":true,"href":"https:\/\/zugchile.cl\/index.php\/wp-json\/wp\/v2\/comments?post=720"}],"version-history":[{"count":19,"href":"https:\/\/zugchile.cl\/index.php\/wp-json\/wp\/v2\/pages\/720\/revisions"}],"predecessor-version":[{"id":985,"href":"https:\/\/zugchile.cl\/index.php\/wp-json\/wp\/v2\/pages\/720\/revisions\/985"}],"wp:attachment":[{"href":"https:\/\/zugchile.cl\/index.php\/wp-json\/wp\/v2\/media?parent=720"}],"curies":[{"name":"wp","href":"https:\/\/api.w.org\/{rel}","templated":true}]}}